{"id":1482,"date":"2019-12-31T13:02:40","date_gmt":"2019-12-31T12:02:40","guid":{"rendered":"http:\/\/geremi.fr\/?page_id=1482"},"modified":"2020-01-01T08:50:27","modified_gmt":"2020-01-01T07:50:27","slug":"contributions","status":"publish","type":"page","link":"https:\/\/geremi.fr\/index.php\/contributions\/","title":{"rendered":"Contributions"},"content":{"rendered":"<div class=\"wpb-content-wrapper\"><p>[vc_row][vc_column][vc_column_text]Le site GeReMI a obtenu le support financier de l&rsquo;UMVF &#8211; UNESS.<\/p>\n<p>Son objectif est de proposer une biblioth\u00e8que de ressources multim\u00e9dia susceptibles de faire l&rsquo;objet de questions isol\u00e9es aux \u00e9preuves classantes nationales (ENCi). Les ressources sont index\u00e9es sur le programme de l&rsquo;internat mais peuvent \u00eatre recherch\u00e9es selon la sp\u00e9cialit\u00e9 ou leur type.<\/p>\n<p>Les contributeurs de ce site sont :[\/vc_column_text]<div class=\"smile_icon_list_wrap ult_info_list_container ult-adjust-bottom-margin  \"><ul class=\"smile_icon_list left circle with_bg\"><li class=\"icon_list_item\" style=\" font-size:72px;\"><div class=\"icon_list_icon\" data-animation=\"\" data-animation-delay=\"03\" style=\"font-size:24px;border-width:1px;border-style:none;background:#ffffff;color:#333333;border-color:#333333;\"><img decoding=\"async\" class=\"list-img-icon\" alt=\"null\" src=\"https:\/\/geremi.fr\/wp-content\/uploads\/2020\/01\/PSportrait_sides.jpg\"\/><\/div><div class=\"icon_description\" id=\"Info-list-wrap-5589\" style=\"font-size:24px;\"><h1 class=\"ult-responsive info-list-heading\"  data-ultimate-target='#Info-list-wrap-5589 h1'  data-responsive-json-new='{\"font-size\":\"desktop:16px;\",\"line-height\":\"desktop:24px;\"}'  style=\"\">Pascal Staccini<\/h1><div class=\"icon_description_text ult-responsive\"  data-ultimate-target='#Info-list-wrap-5589 .icon_description_text'  data-responsive-json-new='{\"font-size\":\"desktop:13px;\",\"line-height\":\"desktop:18px;\"}'  style=\"\"><p>MD, PhD, PU-PH &#8211; Biostatistique et Informatique de Sant\u00e9<br \/>\nFacult\u00e9 de M\u00e9decine de Nice, Universit\u00e9 C\u00f4te-d\u2019Azur<br \/>\nConception, r\u00e9alisation, maintenance et mises \u00e0 jour<\/p>\n<\/div><\/div><div class=\"icon_list_connector\"  style=\"border-right-width: 1px;border-right-style: dashed;border-color: #333333;\"><\/div><\/li><li class=\"icon_list_item\" style=\" font-size:72px;\"><div class=\"icon_list_icon\" data-animation=\"\" data-animation-delay=\"03\" style=\"font-size:24px;border-width:1px;border-style:none;background:#ffffff;color:#333333;border-color:#333333;\"><img decoding=\"async\" class=\"list-img-icon\" alt=\"null\" src=\"https:\/\/geremi.fr\/wp-content\/uploads\/2020\/01\/baudin2.png\"\/><\/div><div class=\"icon_description\" id=\"Info-list-wrap-6641\" style=\"font-size:24px;\"><h1 class=\"ult-responsive info-list-heading\"  data-ultimate-target='#Info-list-wrap-6641 h1'  data-responsive-json-new='{\"font-size\":\"desktop:16px;\",\"line-height\":\"desktop:24px;\"}'  style=\"\">Guillaume Baudin<\/h1><div class=\"icon_description_text ult-responsive\"  data-ultimate-target='#Info-list-wrap-6641 .icon_description_text'  data-responsive-json-new='{\"font-size\":\"desktop:13px;\",\"line-height\":\"desktop:18px;\"}'  style=\"\"><p>MD, Chef du D\u00e9partement d&rsquo;Imagerie Radiologie<br \/>\nCentre Antoine Lacassagne, Nice<br \/>\nImagerie radiologique<\/p>\n<\/div><\/div><div class=\"icon_list_connector\"  style=\"border-right-width: 1px;border-right-style: dashed;border-color: #333333;\"><\/div><\/li><li class=\"icon_list_item\" style=\" font-size:72px;\"><div class=\"icon_list_icon\" data-animation=\"\" data-animation-delay=\"03\" style=\"font-size:24px;border-width:1px;border-style:none;background:#ffffff;color:#333333;border-color:#333333;\"><img decoding=\"async\" class=\"list-img-icon\" alt=\"null\" src=\"https:\/\/geremi.fr\/wp-content\/uploads\/2020\/01\/julien_havet2.jpg\"\/><\/div><div class=\"icon_description\" id=\"Info-list-wrap-4683\" style=\"font-size:24px;\"><h1 class=\"ult-responsive info-list-heading\"  data-ultimate-target='#Info-list-wrap-4683 h1'  data-responsive-json-new='{\"font-size\":\"desktop:16px;\",\"line-height\":\"desktop:24px;\"}'  style=\"\">Julien Havet<\/h1><div class=\"icon_description_text ult-responsive\"  data-ultimate-target='#Info-list-wrap-4683 .icon_description_text'  data-responsive-json-new='{\"font-size\":\"desktop:13px;\",\"line-height\":\"desktop:18px;\"}'  style=\"\"><p>MD, Radiologue<br \/>\nPolyclinique Saint-George, Nice<br \/>\nImagerie radiologique<\/p>\n<\/div><\/div><div class=\"icon_list_connector\"  style=\"border-right-width: 1px;border-right-style: dashed;border-color: #333333;\"><\/div><\/li><li class=\"icon_list_item\" style=\" font-size:72px;\"><div class=\"icon_list_icon\" data-animation=\"\" data-animation-delay=\"03\" style=\"font-size:24px;border-width:1px;border-style:none;background:#ffffff;color:#333333;border-color:#333333;\"><img decoding=\"async\" class=\"list-img-icon\" alt=\"null\" src=\"https:\/\/geremi.fr\/wp-content\/uploads\/2020\/01\/nahon2.png\"\/><\/div><div class=\"icon_description\" id=\"Info-list-wrap-8708\" style=\"font-size:24px;\"><h1 class=\"ult-responsive info-list-heading\"  data-ultimate-target='#Info-list-wrap-8708 h1'  data-responsive-json-new='{\"font-size\":\"desktop:16px;\",\"line-height\":\"desktop:24px;\"}'  style=\"\">Sacha Nahon-Esteve<\/h1><div class=\"icon_description_text ult-responsive\"  data-ultimate-target='#Info-list-wrap-8708 .icon_description_text'  data-responsive-json-new='{\"font-size\":\"desktop:13px;\",\"line-height\":\"desktop:18px;\"}'  style=\"\"><p>MD, Service d&rsquo;Ophtalmologie<br \/>\nCentre Hospitalier Universitaire, Nice<br \/>\nQuestions d&rsquo;ophtalmologie<\/p>\n<\/div><\/div><div class=\"icon_list_connector\"  style=\"border-right-width: 1px;border-right-style: dashed;border-color: #333333;\"><\/div><\/li><\/ul><\/div>[\/vc_column][\/vc_row]<\/p>\n<\/div>","protected":false},"excerpt":{"rendered":"<div class=\"mh-excerpt\"><p>[vc_row][vc_column][vc_column_text]Le site GeReMI a obtenu le support financier de l&rsquo;UMVF &#8211; UNESS. Son objectif est de proposer une biblioth\u00e8que de ressources multim\u00e9dia susceptibles de faire l&rsquo;objet de questions isol\u00e9es aux \u00e9preuves classantes nationales (ENCi). Les <a class=\"mh-excerpt-more\" href=\"https:\/\/geremi.fr\/index.php\/contributions\/\" title=\"Contributions\">[&#8230;]<\/a><\/p>\n<\/div>","protected":false},"author":1,"featured_media":0,"parent":0,"menu_order":0,"comment_status":"closed","ping_status":"closed","template":"","meta":{"_relevanssi_hide_post":"","_relevanssi_hide_content":"","_relevanssi_pin_for_all":"","_relevanssi_pin_keywords":"","_relevanssi_unpin_keywords":"","_relevanssi_related_keywords":"","_relevanssi_related_include_ids":"","_relevanssi_related_exclude_ids":"","_relevanssi_related_no_append":"","_relevanssi_related_not_related":"","_relevanssi_related_posts":"457,1474,1304,572,611,1432","_relevanssi_noindex_reason":"","footnotes":""},"class_list":["post-1482","page","type-page","status-publish"],"yoast_head":"<!-- This site is optimized with the Yoast SEO plugin v23.5 - https:\/\/yoast.com\/wordpress\/plugins\/seo\/ -->\n<title>Contributions - GeReMI<\/title>\n<meta name=\"robots\" content=\"index, follow, max-snippet:-1, max-image-preview:large, max-video-preview:-1\" \/>\n<link rel=\"canonical\" href=\"https:\/\/geremi.fr\/index.php\/contributions\/\" \/>\n<meta property=\"og:locale\" content=\"fr_FR\" \/>\n<meta property=\"og:type\" content=\"article\" \/>\n<meta property=\"og:title\" content=\"Contributions - GeReMI\" \/>\n<meta property=\"og:description\" content=\"[vc_row][vc_column][vc_column_text]Le site GeReMI a obtenu le support financier de l&rsquo;UMVF &#8211; UNESS. Son objectif est de proposer une biblioth\u00e8que de ressources multim\u00e9dia susceptibles de faire l&rsquo;objet de questions isol\u00e9es aux \u00e9preuves classantes nationales (ENCi). Les [...]\" \/>\n<meta property=\"og:url\" content=\"https:\/\/geremi.fr\/index.php\/contributions\/\" \/>\n<meta property=\"og:site_name\" content=\"GeReMI\" \/>\n<meta property=\"article:modified_time\" content=\"2020-01-01T07:50:27+00:00\" \/>\n<meta name=\"twitter:card\" content=\"summary_large_image\" \/>\n<meta name=\"twitter:label1\" content=\"Dur\u00e9e de lecture estim\u00e9e\" \/>\n\t<meta name=\"twitter:data1\" content=\"1 minute\" \/>\n<script type=\"application\/ld+json\" class=\"yoast-schema-graph\">{\"@context\":\"https:\/\/schema.org\",\"@graph\":[{\"@type\":\"WebPage\",\"@id\":\"https:\/\/geremi.fr\/index.php\/contributions\/\",\"url\":\"https:\/\/geremi.fr\/index.php\/contributions\/\",\"name\":\"Contributions - GeReMI\",\"isPartOf\":{\"@id\":\"https:\/\/geremi.fr\/#website\"},\"datePublished\":\"2019-12-31T12:02:40+00:00\",\"dateModified\":\"2020-01-01T07:50:27+00:00\",\"breadcrumb\":{\"@id\":\"https:\/\/geremi.fr\/index.php\/contributions\/#breadcrumb\"},\"inLanguage\":\"fr-FR\",\"potentialAction\":[{\"@type\":\"ReadAction\",\"target\":[\"https:\/\/geremi.fr\/index.php\/contributions\/\"]}]},{\"@type\":\"BreadcrumbList\",\"@id\":\"https:\/\/geremi.fr\/index.php\/contributions\/#breadcrumb\",\"itemListElement\":[{\"@type\":\"ListItem\",\"position\":1,\"name\":\"Accueil\",\"item\":\"https:\/\/geremi.fr\/\"},{\"@type\":\"ListItem\",\"position\":2,\"name\":\"Contributions\"}]},{\"@type\":\"WebSite\",\"@id\":\"https:\/\/geremi.fr\/#website\",\"url\":\"https:\/\/geremi.fr\/\",\"name\":\"GeReMI\",\"description\":\"Gestion des Ressources Multimedia pour l&#039;Internat\",\"potentialAction\":[{\"@type\":\"SearchAction\",\"target\":{\"@type\":\"EntryPoint\",\"urlTemplate\":\"https:\/\/geremi.fr\/?s={search_term_string}\"},\"query-input\":{\"@type\":\"PropertyValueSpecification\",\"valueRequired\":true,\"valueName\":\"search_term_string\"}}],\"inLanguage\":\"fr-FR\"}]}<\/script>\n<!-- \/ Yoast SEO plugin. -->","yoast_head_json":{"title":"Contributions - GeReMI","robots":{"index":"index","follow":"follow","max-snippet":"max-snippet:-1","max-image-preview":"max-image-preview:large","max-video-preview":"max-video-preview:-1"},"canonical":"https:\/\/geremi.fr\/index.php\/contributions\/","og_locale":"fr_FR","og_type":"article","og_title":"Contributions - GeReMI","og_description":"[vc_row][vc_column][vc_column_text]Le site GeReMI a obtenu le support financier de l&rsquo;UMVF &#8211; UNESS. Son objectif est de proposer une biblioth\u00e8que de ressources multim\u00e9dia susceptibles de faire l&rsquo;objet de questions isol\u00e9es aux \u00e9preuves classantes nationales (ENCi). Les [...]","og_url":"https:\/\/geremi.fr\/index.php\/contributions\/","og_site_name":"GeReMI","article_modified_time":"2020-01-01T07:50:27+00:00","twitter_card":"summary_large_image","twitter_misc":{"Dur\u00e9e de lecture estim\u00e9e":"1 minute"},"schema":{"@context":"https:\/\/schema.org","@graph":[{"@type":"WebPage","@id":"https:\/\/geremi.fr\/index.php\/contributions\/","url":"https:\/\/geremi.fr\/index.php\/contributions\/","name":"Contributions - GeReMI","isPartOf":{"@id":"https:\/\/geremi.fr\/#website"},"datePublished":"2019-12-31T12:02:40+00:00","dateModified":"2020-01-01T07:50:27+00:00","breadcrumb":{"@id":"https:\/\/geremi.fr\/index.php\/contributions\/#breadcrumb"},"inLanguage":"fr-FR","potentialAction":[{"@type":"ReadAction","target":["https:\/\/geremi.fr\/index.php\/contributions\/"]}]},{"@type":"BreadcrumbList","@id":"https:\/\/geremi.fr\/index.php\/contributions\/#breadcrumb","itemListElement":[{"@type":"ListItem","position":1,"name":"Accueil","item":"https:\/\/geremi.fr\/"},{"@type":"ListItem","position":2,"name":"Contributions"}]},{"@type":"WebSite","@id":"https:\/\/geremi.fr\/#website","url":"https:\/\/geremi.fr\/","name":"GeReMI","description":"Gestion des Ressources Multimedia pour l&#039;Internat","potentialAction":[{"@type":"SearchAction","target":{"@type":"EntryPoint","urlTemplate":"https:\/\/geremi.fr\/?s={search_term_string}"},"query-input":{"@type":"PropertyValueSpecification","valueRequired":true,"valueName":"search_term_string"}}],"inLanguage":"fr-FR"}]}},"_links":{"self":[{"href":"https:\/\/geremi.fr\/index.php\/wp-json\/wp\/v2\/pages\/1482"}],"collection":[{"href":"https:\/\/geremi.fr\/index.php\/wp-json\/wp\/v2\/pages"}],"about":[{"href":"https:\/\/geremi.fr\/index.php\/wp-json\/wp\/v2\/types\/page"}],"author":[{"embeddable":true,"href":"https:\/\/geremi.fr\/index.php\/wp-json\/wp\/v2\/users\/1"}],"replies":[{"embeddable":true,"href":"https:\/\/geremi.fr\/index.php\/wp-json\/wp\/v2\/comments?post=1482"}],"version-history":[{"count":19,"href":"https:\/\/geremi.fr\/index.php\/wp-json\/wp\/v2\/pages\/1482\/revisions"}],"predecessor-version":[{"id":1509,"href":"https:\/\/geremi.fr\/index.php\/wp-json\/wp\/v2\/pages\/1482\/revisions\/1509"}],"wp:attachment":[{"href":"https:\/\/geremi.fr\/index.php\/wp-json\/wp\/v2\/media?parent=1482"}],"curies":[{"name":"wp","href":"https:\/\/api.w.org\/{rel}","templated":true}]}}